{"id":959,"date":"2025-09-01T07:30:17","date_gmt":"2025-09-01T07:30:17","guid":{"rendered":"https:\/\/feli.projectweb.ro\/my-account-2\/"},"modified":"2025-09-12T08:12:55","modified_gmt":"2025-09-12T08:12:55","slug":"my-account-2","status":"publish","type":"page","link":"https:\/\/feliperfumes.ro\/en\/my-account-2\/","title":{"rendered":"My Account"},"content":{"rendered":"\t\t<div data-elementor-type=\"wp-page\" data-elementor-id=\"959\" class=\"elementor elementor-959 elementor-35\" data-elementor-post-type=\"page\">\n\t\t\t\t<div class=\"elementor-element elementor-element-f74eb47 e-con-full e-flex e-con e-parent\" data-id=\"f74eb47\" data-element_type=\"container\" data-e-type=\"container\" data-settings=\"{&quot;background_background&quot;:&quot;classic&quot;}\">\n\t\t<div class=\"elementor-element elementor-element-af92ec5 e-con-full e-flex e-con e-child\" data-id=\"af92ec5\" data-element_type=\"container\" data-e-type=\"container\" data-settings=\"{&quot;background_background&quot;:&quot;classic&quot;}\">\n\t\t\t\t<div class=\"elementor-element elementor-element-dae219f elementor-widget elementor-widget-heading\" data-id=\"dae219f\" data-element_type=\"widget\" data-e-type=\"widget\" data-widget_type=\"heading.default\">\n\t\t\t\t\t<h2 class=\"elementor-heading-title elementor-size-default\"><span>FELI PERFUMES<\/SPAN><\/h2>\t\t\t\t<\/div>\n\t\t\t\t<div class=\"elementor-element elementor-element-b063ba6 head elementor-widget elementor-widget-heading\" data-id=\"b063ba6\" data-element_type=\"widget\" data-e-type=\"widget\" data-widget_type=\"heading.default\">\n\t\t\t\t\t<h2 class=\"elementor-heading-title elementor-size-default\">My Account<\/h2>\t\t\t\t<\/div>\n\t\t\t\t<div class=\"elementor-element elementor-element-ed698cd elementor-widget elementor-widget-text-editor\" data-id=\"ed698cd\" data-element_type=\"widget\" data-e-type=\"widget\" data-widget_type=\"text-editor.default\">\n\t\t\t\t\t\t\t\t\t<p>Welcome to your personal space at <strong data-start=\"177\" data-end=\"194\">Feli Perfumes<\/strong>. Here you can manage your orders, addresses and account details, for a simple and enjoyable shopping experience.<\/p>\n\t\t\t\t\t\t\t\t<\/div>\n\t\t\t\t<\/div>\n\t\t<div class=\"elementor-element elementor-element-9220b49 e-con-full e-flex e-con e-child\" data-id=\"9220b49\" data-element_type=\"container\" data-e-type=\"container\">\n\t\t\t\t<div class=\"elementor-element elementor-element-4d43f6d elementor-widget elementor-widget-image\" data-id=\"4d43f6d\" data-element_type=\"widget\" data-e-type=\"widget\" data-widget_type=\"image.default\">\n\t\t\t\t\t\t\t\t\t\t\t\t\t\t\t<img fetchpriority=\"high\" decoding=\"async\" width=\"800\" height=\"534\" src=\"https:\/\/feliperfumes.ro\/wp-content\/uploads\/2025\/09\/475431168_18128925691401772_4897497324010591199_n-1024x683.webp\" class=\"attachment-large size-large wp-image-950\" alt=\"\" srcset=\"https:\/\/feliperfumes.ro\/wp-content\/uploads\/2025\/09\/475431168_18128925691401772_4897497324010591199_n-1024x683.webp 1024w, https:\/\/feliperfumes.ro\/wp-content\/uploads\/2025\/09\/475431168_18128925691401772_4897497324010591199_n-300x200.webp 300w, https:\/\/feliperfumes.ro\/wp-content\/uploads\/2025\/09\/475431168_18128925691401772_4897497324010591199_n-768x512.webp 768w, https:\/\/feliperfumes.ro\/wp-content\/uploads\/2025\/09\/475431168_18128925691401772_4897497324010591199_n-600x400.webp 600w, https:\/\/feliperfumes.ro\/wp-content\/uploads\/2025\/09\/475431168_18128925691401772_4897497324010591199_n.webp 1440w\" sizes=\"(max-width: 800px) 100vw, 800px\" \/>\t\t\t\t\t\t\t\t\t\t\t\t\t\t\t<\/div>\n\t\t\t\t<\/div>\n\t\t\t\t<\/div>\n\t\t<div class=\"elementor-element elementor-element-4f58050e e-flex e-con-boxed e-con e-parent\" data-id=\"4f58050e\" data-element_type=\"container\" data-e-type=\"container\">\n\t\t\t\t\t<div class=\"e-con-inner\">\n\t\t\t\t<div class=\"elementor-element elementor-element-3d76744 e-my-account-tabs-vertical elementor-widget elementor-widget-woocommerce-my-account\" data-id=\"3d76744\" data-element_type=\"widget\" data-e-type=\"widget\" data-widget_type=\"woocommerce-my-account.default\">\n\t\t\t\t\t<div class=\"e-my-account-tab e-my-account-tab__ \">\t\t\t<div class=\"woocommerce\"><\/div>\t\t<\/div>\n\t\t\t\t\t\t<\/div>\n\t\t\t\t\t<\/div>\n\t\t\t\t<\/div>\n\t\t\t\t<\/div>\n\t\t","protected":false},"excerpt":{"rendered":"<p>FELI PERFUMES Welcome to your personal space at Feli Perfumes. Here you can manage your orders, addresses and account details, for a simple and enjoyable shopping experience. Dashboard Your orders Billing addresses Account details Reviews Logout Bun\u0103 ProjAdm (nu e\u0219ti ProjAdm? Dezautentific\u0103-te) \u00cen panoul de control al contului t\u0103u po\u021bi s\u0103-\u021bi vezi comenzile recente, s\u0103-\u021bi [&hellip;]<\/p>\n","protected":false},"author":1,"featured_media":0,"parent":0,"menu_order":0,"comment_status":"closed","ping_status":"closed","template":"","meta":{"footnotes":""},"class_list":["post-959","page","type-page","status-publish","hentry"],"_links":{"self":[{"href":"https:\/\/feliperfumes.ro\/en\/wp-json\/wp\/v2\/pages\/959","targetHints":{"allow":["GET"]}}],"collection":[{"href":"https:\/\/feliperfumes.ro\/en\/wp-json\/wp\/v2\/pages"}],"about":[{"href":"https:\/\/feliperfumes.ro\/en\/wp-json\/wp\/v2\/types\/page"}],"author":[{"embeddable":true,"href":"https:\/\/feliperfumes.ro\/en\/wp-json\/wp\/v2\/users\/1"}],"replies":[{"embeddable":true,"href":"https:\/\/feliperfumes.ro\/en\/wp-json\/wp\/v2\/comments?post=959"}],"version-history":[{"count":1,"href":"https:\/\/feliperfumes.ro\/en\/wp-json\/wp\/v2\/pages\/959\/revisions"}],"predecessor-version":[{"id":960,"href":"https:\/\/feliperfumes.ro\/en\/wp-json\/wp\/v2\/pages\/959\/revisions\/960"}],"wp:attachment":[{"href":"https:\/\/feliperfumes.ro\/en\/wp-json\/wp\/v2\/media?parent=959"}],"curies":[{"name":"wp","href":"https:\/\/api.w.org\/{rel}","templated":true}]}}