{"id":963,"date":"2025-09-01T07:30:17","date_gmt":"2025-09-01T07:30:17","guid":{"rendered":"https:\/\/feli.projectweb.ro\/cos\/"},"modified":"2025-09-15T15:24:25","modified_gmt":"2025-09-15T15:24:25","slug":"cart-2","status":"publish","type":"page","link":"https:\/\/feliperfumes.ro\/en\/cart-2\/","title":{"rendered":"Cart"},"content":{"rendered":"\t\t<div data-elementor-type=\"wp-page\" data-elementor-id=\"963\" class=\"elementor elementor-963 elementor-33\" data-elementor-post-type=\"page\">\n\t\t\t\t<div class=\"elementor-element elementor-element-c40a090 e-con-full e-flex e-con e-parent\" data-id=\"c40a090\" data-element_type=\"container\" data-e-type=\"container\" data-settings=\"{&quot;background_background&quot;:&quot;classic&quot;}\">\n\t\t<div class=\"elementor-element elementor-element-6112c09 e-con-full e-flex e-con e-child\" data-id=\"6112c09\" data-element_type=\"container\" data-e-type=\"container\" data-settings=\"{&quot;background_background&quot;:&quot;classic&quot;}\">\n\t\t\t\t<div class=\"elementor-element elementor-element-e80a535 elementor-widget elementor-widget-heading\" data-id=\"e80a535\" data-element_type=\"widget\" data-e-type=\"widget\" data-widget_type=\"heading.default\">\n\t\t\t\t\t<h2 class=\"elementor-heading-title elementor-size-default\"><span>FELI PERFUMES<\/SPAN><\/h2>\t\t\t\t<\/div>\n\t\t\t\t<div class=\"elementor-element elementor-element-0aee88b head elementor-widget elementor-widget-heading\" data-id=\"0aee88b\" data-element_type=\"widget\" data-e-type=\"widget\" data-widget_type=\"heading.default\">\n\t\t\t\t\t<h2 class=\"elementor-heading-title elementor-size-default\">Cart<\/h2>\t\t\t\t<\/div>\n\t\t\t\t<\/div>\n\t\t<div class=\"elementor-element elementor-element-486ad1f e-con-full e-flex e-con e-child\" data-id=\"486ad1f\" data-element_type=\"container\" data-e-type=\"container\">\n\t\t\t\t<div class=\"elementor-element elementor-element-9d77409 elementor-widget elementor-widget-image\" data-id=\"9d77409\" data-element_type=\"widget\" data-e-type=\"widget\" data-widget_type=\"image.default\">\n\t\t\t\t\t\t\t\t\t\t\t\t\t\t\t<img fetchpriority=\"high\" decoding=\"async\" width=\"800\" height=\"534\" src=\"https:\/\/feliperfumes.ro\/wp-content\/uploads\/2025\/09\/475431168_18128925691401772_4897497324010591199_n-1024x683.webp\" class=\"attachment-large size-large wp-image-950\" alt=\"\" srcset=\"https:\/\/feliperfumes.ro\/wp-content\/uploads\/2025\/09\/475431168_18128925691401772_4897497324010591199_n-1024x683.webp 1024w, https:\/\/feliperfumes.ro\/wp-content\/uploads\/2025\/09\/475431168_18128925691401772_4897497324010591199_n-300x200.webp 300w, https:\/\/feliperfumes.ro\/wp-content\/uploads\/2025\/09\/475431168_18128925691401772_4897497324010591199_n-768x512.webp 768w, https:\/\/feliperfumes.ro\/wp-content\/uploads\/2025\/09\/475431168_18128925691401772_4897497324010591199_n-600x400.webp 600w, https:\/\/feliperfumes.ro\/wp-content\/uploads\/2025\/09\/475431168_18128925691401772_4897497324010591199_n.webp 1440w\" sizes=\"(max-width: 800px) 100vw, 800px\" \/>\t\t\t\t\t\t\t\t\t\t\t\t\t\t\t<\/div>\n\t\t\t\t<\/div>\n\t\t\t\t<\/div>\n\t\t<div class=\"elementor-element elementor-element-8a787c0 e-flex e-con-boxed e-con e-parent\" data-id=\"8a787c0\" data-element_type=\"container\" data-e-type=\"container\">\n\t\t\t\t\t<div class=\"e-con-inner\">\n\t\t\t\t\t<\/div>\n\t\t\t\t<\/div>\n\t\t\t\t<\/div>\n\t\t","protected":false},"excerpt":{"rendered":"<p>FELI PERFUMES \u00cenl\u0103tur\u0103 produsul Imagine miniatur\u0103 Produs Pre\u021b Cantitate Sub-total &times; Ariz 399,00&nbsp;lei Quantity &#8211; 5 + 1.995,00&nbsp;lei Apply the code Order total Sub-total 1.995,00&nbsp;lei Total 1.995,00&nbsp;lei Continue to checkout<\/p>\n","protected":false},"author":1,"featured_media":0,"parent":0,"menu_order":0,"comment_status":"closed","ping_status":"closed","template":"","meta":{"footnotes":""},"class_list":["post-963","page","type-page","status-publish","hentry"],"_links":{"self":[{"href":"https:\/\/feliperfumes.ro\/en\/wp-json\/wp\/v2\/pages\/963","targetHints":{"allow":["GET"]}}],"collection":[{"href":"https:\/\/feliperfumes.ro\/en\/wp-json\/wp\/v2\/pages"}],"about":[{"href":"https:\/\/feliperfumes.ro\/en\/wp-json\/wp\/v2\/types\/page"}],"author":[{"embeddable":true,"href":"https:\/\/feliperfumes.ro\/en\/wp-json\/wp\/v2\/users\/1"}],"replies":[{"embeddable":true,"href":"https:\/\/feliperfumes.ro\/en\/wp-json\/wp\/v2\/comments?post=963"}],"version-history":[{"count":4,"href":"https:\/\/feliperfumes.ro\/en\/wp-json\/wp\/v2\/pages\/963\/revisions"}],"predecessor-version":[{"id":1093,"href":"https:\/\/feliperfumes.ro\/en\/wp-json\/wp\/v2\/pages\/963\/revisions\/1093"}],"wp:attachment":[{"href":"https:\/\/feliperfumes.ro\/en\/wp-json\/wp\/v2\/media?parent=963"}],"curies":[{"name":"wp","href":"https:\/\/api.w.org\/{rel}","templated":true}]}}